{"id":32,"date":"2024-05-08T11:17:59","date_gmt":"2024-05-08T11:17:59","guid":{"rendered":"https:\/\/www.nzoztyniec.pl\/?page_id=32"},"modified":"2026-02-17T18:09:20","modified_gmt":"2026-02-17T18:09:20","slug":"aktualnosci","status":"publish","type":"page","link":"https:\/\/www.nzoztyniec.pl\/index.php\/aktualnosci\/","title":{"rendered":"* AKTUALNO\u015aCI  2026 *"},"content":{"rendered":"\n<p class=\"has-text-align-center\"><\/p>\n\n\n\n<p class=\"has-text-align-center\"><br><br><strong>DRODZY<\/strong> <strong>RODZICE!<\/strong><\/p>\n\n\n\n<p class=\"has-text-align-center\">W <strong>2026<\/strong> roku zapraszamy dzieci na BADANIA BILANSOWE<\/p>\n\n\n\n<p class=\"has-text-align-center\"><strong>DWULATKA<\/strong> \u2013 dzieci urodzone w <strong>2024<\/strong> roku<br><strong>CZTEROLATKA<\/strong> \u2013 dzieci urodzone <strong>2022 <\/strong>roku<br><strong>SZE\u015aCIOLATKA <\/strong>\u2013 dzieci urodzone w <strong>2020<\/strong> roku<\/p>\n\n\n\n<p class=\"has-text-align-center\">Badanie powinno odby\u0107 si\u0119 w miesi\u0105cu urodzenia dziecka.<br>Prosimy o wcze\u015bniejsze ustalenie terminu badania.<br><br><\/p>\n\n\n\n<p class=\"has-text-align-center\"><\/p>\n\n\n\n<hr class=\"wp-block-separator has-alpha-channel-opacity\"\/>\n\n\n\n<p class=\"has-text-align-center\"><br><strong>W roku 2026 zapraszamy dzieci na szczepienia ochronne:<\/strong><\/p>\n\n\n\n<p>Dzieci urodzone w roku: <strong>2026, 2025, 2024, 2023<\/strong> szczepione s\u0105 na bie\u017c\u0105co lub maj\u0105 uzupe\u0142niane brakuj\u0105ce szczepienia zgodnie z obowi\u0105zuj\u0105cym kalendarzem szczepie\u0144 ochronnych (do wgl\u0105du w przychodni).<\/p>\n\n\n\n<p><strong>Dzieci z rocznika 2021 oraz nieszczepione dzieci z rocznika 2020<\/strong>:<\/p>\n\n\n\n<ol class=\"wp-block-list\">\n<li>zapraszamy na szczepienia przeciwko <strong>B\u0142onicy, T\u0119\u017ccowi, Krztu\u015bcowi, Poliomyelitis <\/strong>(domi\u0119\u015bniowo szczepionk\u0105 skojarzon\u0105 DTaP IPV zawieraj\u0105c\u0105 bezkom\u00f3rkowy komponent krztu\u015bca)<\/li>\n\n\n\n<li>zapraszamy na szczepienie przeciwko <strong>Odrze, \u015awince, R\u00f3\u017cyczce <\/strong>(domi\u0119\u015bniowo lub podsk\u00f3rnie szczepionk\u0105 skojarzon\u0105).<\/li>\n<\/ol>\n\n\n\n<p><strong>Dzieci z rocznika 2013 oraz nieszczepione dzieci z rocznika 2012<\/strong>: zapraszamy na szczepienie przeciwko <strong>B\u0142onicy, T\u0119\u017ccowi, Krztu\u015bcowi <\/strong>(podsk\u00f3rnie lub domi\u0119\u015bniowo, szczepionk\u0105 skojarzon\u0105 z obni\u017con\u0105 zawarto\u015bci\u0105 krztu\u015bca).<\/p>\n\n\n\n<p><strong>Rocznik 2008<\/strong>: zapraszamy na szczepienie przeciwko <strong>B\u0142onicy, T\u0119\u017ccowi<\/strong> (podsk\u00f3rnie lub domi\u0119\u015bniowo).<\/p>\n\n\n\n<p><br><\/p>\n\n\n\n<hr class=\"wp-block-separator has-alpha-channel-opacity\"\/>\n\n\n\n<p><br><br>1. Udzielamy informacji na temat <strong>dodatkowych, zalecanych szczepie\u0144 ochronnych<\/strong>, kt\u00f3re mog\u0105 uchroni\u0107 dziecko przed wieloma gro\u017anymi chorobami (szczepienia te s\u0105 odp\u0142atne).<\/p>\n\n\n\n<p>2. Dzieci przebywaj\u0105ce w <strong>\u017c\u0142obkach<\/strong> lub <strong>klubach<\/strong> dzieci\u0119cych mog\u0105 skorzysta\u0107 z <strong>bezp\u0142atnego szczepienia przeciw ospie wietrznej<\/strong> \u2013 na podstawie za\u015bwiadczenia potwierdzaj\u0105cego uczestnictwo w zaj\u0119ciach.<br><br><br><\/p>\n\n\n\n<hr class=\"wp-block-separator has-alpha-channel-opacity\"\/>\n\n\n\n<p class=\"has-text-align-center\"><br><br>Od 1 wrze\u015bnia 2024 r. w ramach powszechnego programu zalecanych szczepie\u0144 ochronnych, finansowanych przez Ministra Zdrowia, podmioty POZ maj\u0105 mo\u017cliwo\u015b\u0107 realizacji <strong>szczepie\u0144 przeciw HPV.<\/strong><\/p>\n\n\n\n<p class=\"has-text-align-center\">Szczepienia mog\u0105 by\u0107 przeprowadzane u os\u00f3b po uko\u0144czeniu 9. roku \u017cycia do uko\u0144czenia 14. roku \u017cycia \u2013 w schemacie dwudawkowym.<\/p>\n\n\n\n<p class=\"has-text-align-center\">Zainteresowanych Rodzic\u00f3w prosimy o kontakt.<br><br><\/p>\n\n\n\n<hr class=\"wp-block-separator has-alpha-channel-opacity\"\/>\n\n\n\n<p class=\"has-text-align-center\"><br><strong>SZCZEPIENIA PRZECIWKO MENINGOKOKOM TYPU B<\/strong><\/p>\n\n\n\n<p class=\"has-text-align-center\"><strong>Bezp\u0142atne szczepienia przeciwko meningokokom typu B dla dzieci w wieku od 2. miesi\u0105ca do 3. roku \u017cycia.<\/strong><\/p>\n\n\n\n<p class=\"has-text-align-center\">Wykonywane s\u0105 w: Centrum Medyczne Unimed Sp. z o.o.<br> 1. ul. M\u0142odej Polski 7<br>2. ul. Kordylewskiego 1\/8<\/p>\n\n\n\n<p class=\"has-text-align-center\"> Rejestracja odbywa si\u0119 telefonicznie: 511 694 991 od poniedzia\u0142ku do pi\u0105tku w godzinach 8.00\u201318.00 oraz w soboty 8.00\u201316.00.<br><br><\/p>\n\n\n\n<hr class=\"wp-block-separator has-alpha-channel-opacity\"\/>\n\n\n\n<p class=\"has-text-align-center\"><\/p>\n\n\n\n<p><\/p>\n\n\n\n<p class=\"has-text-align-center\"><br>Skierowania na badania TSH i kreatyniny przed badaniami obrazowymi (TK, MR) wydaje lekarz kieruj\u0105cy na badanie.<\/p>\n\n\n\n<p class=\"has-text-align-center\">Skierowania na badania oraz wszystkie potrzebne konsultacje przed planowym leczeniem operacyjnym w szpitalu wydaje szpital, w kt\u00f3rym ma si\u0119 odby\u0107 leczenie.<br><br><\/p>\n\n\n\n<hr class=\"wp-block-separator has-alpha-channel-opacity\"\/>\n\n\n\n<p class=\"has-text-align-center\"><br><strong>UWAGA!!!<br>PRZED WEJ\u015aCIEM DO GABINETU PROSIMY WY\u0141\u0104CZY\u0106 TELEFON<br>MASECZKI OBOWI\u0104ZKOWE W SEZONIE JESIENNO-ZIMOWYM<\/strong><br><br><\/p>\n","protected":false},"excerpt":{"rendered":"<p>DRODZY RODZICE! W 2026 roku zapraszamy dzieci na BADANIA BILANSOWE DWULATKA \u2013 dzieci urodzone w 2024 rokuCZTEROLATKA \u2013 dzieci urodzone 2022 rokuSZE\u015aCIOLATKA \u2013 dzieci urodzone w 2020 roku Badanie powinno odby\u0107 si\u0119 w miesi\u0105cu urodzenia dziecka.Prosimy o wcze\u015bniejsze ustalenie terminu badania. W roku 2026 zapraszamy dzieci na szczepienia ochronne: Dzieci urodzone w roku: 2026, 2025, [&hellip;]<\/p>\n","protected":false},"author":1,"featured_media":0,"parent":0,"menu_order":0,"comment_status":"closed","ping_status":"closed","template":"","meta":{"footnotes":""},"class_list":["post-32","page","type-page","status-publish","hentry"],"_links":{"self":[{"href":"https:\/\/www.nzoztyniec.pl\/index.php\/wp-json\/wp\/v2\/pages\/32","targetHints":{"allow":["GET"]}}],"collection":[{"href":"https:\/\/www.nzoztyniec.pl\/index.php\/wp-json\/wp\/v2\/pages"}],"about":[{"href":"https:\/\/www.nzoztyniec.pl\/index.php\/wp-json\/wp\/v2\/types\/page"}],"author":[{"embeddable":true,"href":"https:\/\/www.nzoztyniec.pl\/index.php\/wp-json\/wp\/v2\/users\/1"}],"replies":[{"embeddable":true,"href":"https:\/\/www.nzoztyniec.pl\/index.php\/wp-json\/wp\/v2\/comments?post=32"}],"version-history":[{"count":25,"href":"https:\/\/www.nzoztyniec.pl\/index.php\/wp-json\/wp\/v2\/pages\/32\/revisions"}],"predecessor-version":[{"id":129,"href":"https:\/\/www.nzoztyniec.pl\/index.php\/wp-json\/wp\/v2\/pages\/32\/revisions\/129"}],"wp:attachment":[{"href":"https:\/\/www.nzoztyniec.pl\/index.php\/wp-json\/wp\/v2\/media?parent=32"}],"curies":[{"name":"wp","href":"https:\/\/api.w.org\/{rel}","templated":true}]}}